{"id":43,"date":"2020-07-26T11:42:45","date_gmt":"2020-07-26T11:42:45","guid":{"rendered":"https:\/\/montessoritransilvania.ro\/?page_id=43"},"modified":"2023-01-05T20:28:30","modified_gmt":"2023-01-05T18:28:30","slug":"inscriere","status":"publish","type":"page","link":"https:\/\/montessoritransilvania.ro\/index.php\/inscriere\/","title":{"rendered":"\u00censcriere"},"content":{"rendered":"\n<p class=\"wp-block-paragraph\">Primul pas pentru a \u00eenscrie copilul\/copiii dvs.\u00a0la\u00a0Montessori\u00a0Transilvania este\u00a0 s\u0103 ne trimite\u021bi un email la adresa <span class=\"has-inline-color has-accent-color\">contact@montessoritransilvania.ro<\/span> \u00een vederea stabilirii unei \u00eent\u00e2lniri individuale.\u00a0<\/p>\n\n\n\n<p class=\"wp-block-paragraph\">V\u0103 rug\u0103m s\u0103 completa\u021bi \u0219i <strong><a rel=\"noreferrer noopener\" href=\"https:\/\/montessoritransilvania.ro\/index.php\/formular\/\" target=\"_blank\">formularul de \u00eenscriere<\/a><\/strong>.\u00a0<\/p>\n\n\n\n<p class=\"wp-block-paragraph\">\u00cen cazul \u00een care locurile sunt\u00a0 ocupate,\u00a0vi\u00a0se ofer\u0103 un loc pe lista de a\u0219teptare \u0219i ve\u021bi fi anun\u021ba\u021bi cu privire la acest aspect.\u00a0<\/p>\n\n\n\n<p class=\"wp-block-paragraph\">Prioritate\u00a0la \u00eenscriere\u00a0au familiile a c\u0103ror copii fac deja\u00a0parte din comunitatea Montessori\u00a0Transilvania, urm\u00e2nd ca dup\u0103 centralizarea cererilor interne s\u0103 contact\u0103m familiile aflate pe lista de\u00a0a\u015fteptare.\u00a0<\/p>\n\n\n\n<p class=\"wp-block-paragraph\">\u00cen momentul \u00een care copilul a fost admis, ve\u021bi primi un email cu mai multe detalii, cu contractul de \u0219colarizare, cu manualul p\u0103rintelui.<\/p>\n\n\n\n<p class=\"wp-block-paragraph\">A\u0219tept\u0103m s\u0103 ne cunoa\u0219tem!<\/p>\n\n\n\n<p class=\"wp-block-paragraph\"><\/p>\n","protected":false},"excerpt":{"rendered":"<p>Primul pas pentru a \u00eenscrie copilul\/copiii dvs.\u00a0la\u00a0Montessori\u00a0Transilvania este\u00a0 s\u0103 ne trimite\u021bi un email la adresa contact@montessoritransilvania.ro \u00een vederea stabilirii unei \u00eent\u00e2lniri individuale.\u00a0 V\u0103 rug\u0103m s\u0103 completa\u021bi \u0219i formularul de \u00eenscriere.\u00a0 \u00cen cazul \u00een care locurile sunt\u00a0 ocupate,\u00a0vi\u00a0se ofer\u0103 un loc pe lista de a\u0219teptare \u0219i ve\u021bi fi anun\u021ba\u021bi cu privire la acest aspect.\u00a0 Prioritate\u00a0la \u00eenscriere\u00a0au [&hellip;]<\/p>\n","protected":false},"author":2,"featured_media":0,"parent":0,"menu_order":0,"comment_status":"closed","ping_status":"closed","template":"","meta":{"_crdt_document":"","_monsterinsights_skip_tracking":false,"_monsterinsights_sitenote_active":false,"_monsterinsights_sitenote_note":"","_monsterinsights_sitenote_category":0,"advanced_seo_description":"","jetpack_seo_html_title":"","jetpack_seo_noindex":false,"footnotes":""},"class_list":["post-43","page","type-page","status-publish","hentry"],"jetpack_shortlink":"https:\/\/wp.me\/PgzrWa-H","_links":{"self":[{"href":"https:\/\/montessoritransilvania.ro\/index.php\/wp-json\/wp\/v2\/pages\/43","targetHints":{"allow":["GET"]}}],"collection":[{"href":"https:\/\/montessoritransilvania.ro\/index.php\/wp-json\/wp\/v2\/pages"}],"about":[{"href":"https:\/\/montessoritransilvania.ro\/index.php\/wp-json\/wp\/v2\/types\/page"}],"author":[{"embeddable":true,"href":"https:\/\/montessoritransilvania.ro\/index.php\/wp-json\/wp\/v2\/users\/2"}],"replies":[{"embeddable":true,"href":"https:\/\/montessoritransilvania.ro\/index.php\/wp-json\/wp\/v2\/comments?post=43"}],"version-history":[{"count":23,"href":"https:\/\/montessoritransilvania.ro\/index.php\/wp-json\/wp\/v2\/pages\/43\/revisions"}],"predecessor-version":[{"id":781,"href":"https:\/\/montessoritransilvania.ro\/index.php\/wp-json\/wp\/v2\/pages\/43\/revisions\/781"}],"wp:attachment":[{"href":"https:\/\/montessoritransilvania.ro\/index.php\/wp-json\/wp\/v2\/media?parent=43"}],"curies":[{"name":"wp","href":"https:\/\/api.w.org\/{rel}","templated":true}]}}