{"id":15,"date":"2020-07-26T11:07:48","date_gmt":"2020-07-26T11:07:48","guid":{"rendered":"https:\/\/montessoritransilvania.ro\/?page_id=15"},"modified":"2025-08-17T11:26:58","modified_gmt":"2025-08-17T08:26:58","slug":"despre-noi","status":"publish","type":"page","link":"https:\/\/montessoritransilvania.ro\/","title":{"rendered":"Despre noi"},"content":{"rendered":"\n<h2 class=\"has-text-align-center\"> <a href=\"#ch1\">Viziune<\/a> | <a href=\"#ch2\">Misiune<\/a> | <a href=\"#ch3\">Scop<\/a> | <a href=\"#ch4\">Valori<\/a><\/h2>\n\n\n\n<p class=\"wp-block-paragraph\"><strong>Montessori Transilvania &#8211; cre\u015f\u01ce, gr\u01cedini\u021b\u01ce, \u015fcoal\u01ce acreditat\u01ce din Cluj-Napoca<\/strong>, \u00eenfiin\u021bat\u01ce din dorin\u021ba de a sus\u021bine formarea \u0219i dezvoltarea copiilor cu v\u00e2rste cuprinse \u00eentre 12 luni \u0219i 12 ani, \u00een concordan\u021b\u0103 cu principiile educa\u021biei europene \u0219i standardele Interna\u021bionale Montessori (AMI), v\u0103 ofer\u0103 \u00eencep\u00e2nd cu septembrie 2020:<\/p>\n\n\n\n<ul class=\"wp-block-list\">\n<li>Medii de lucru preg\u0103tite pentru educa\u021bie \u00een alternativa educa\u021bional\u0103 Montessori,\u00a0 pentru nivelurile 1-3 ani, 3-6 ani \u0219i 6-12 ani, dotate cu materiale didactice originale  &#8220;Nienhuis&#8221;, confec\u021bionate dup\u0103 schi\u021bele Mariei \u0219i ale lui Mario Montessori<\/li>\n\n\n\n<li>Personal didactic cu experien\u021b\u0103 la clas\u0103, calificat \u00een \u0219tiin\u021bele educa\u021biei \u0219i pedagogia \u00eenv\u0103\u021b\u0103m\u00e2ntului primar \u0219i pre\u0219colar, cu specializare \u00een alternativa educa\u021bional\u0103 Montessori (cursuri de specializare Montessori Interna\u021bional AMI pentru nivelurile , 0-3 ani, 3-6 ani \u0219i 6-12 ani);<\/li>\n\n\n\n<li>Activit\u0103\u021bi educa\u021bionale conform Curriculumului \u00een alternativa educational\u0103 Montessori, aprobat prin Ordin al Ministrului NR. 6142\/ 01.11. 2011, cu respectarea principiilor \u0219i pedagogiei Montessori, potrivit standardelor AMI \u0219i sincronizat din punct de vedere al form\u0103rii \u0219i dezvolt\u0103rii competen\u021belor, cu sistemul de \u00eenv\u0103\u021b\u0103m\u00e2nt din Rom\u00e2nia;<\/li>\n<\/ul>\n\n\n\n<p class=\"wp-block-paragraph\"><strong>De ce Montessori?<\/strong><\/p>\n\n\n\n<p class=\"wp-block-paragraph\"><strong>Metoda de educa\u021bie Montessori<\/strong>, dezvoltat\u0103 de Dr. Maria Montessori, este o abordare educa\u021bional\u0103 centrat\u0103 pe copil, bazat\u0103 pe observa\u021bii \u0219tiin\u021bifice ale copiilor de la na\u0219tere p\u00e2n\u0103 la v\u00e2rsta adult\u0103. Metoda Montessori a fost testat\u0103 \u00een timp, <strong>cu peste 100 de ani de succes<\/strong> \u00een diverse culturi din \u00eentreaga lume. <strong>Copilul este v\u0103zut ca fiin\u021b\u0103 uman\u0103 dornic\u0103 \u00een mod natural de cuno\u0219tin\u021be \u0219i capabil\u0103 s\u0103 ini\u021bieze \u00eenv\u0103\u021barea \u00eentr-un mediu favorabil, preg\u0103tit special pentru el.<\/strong> Este o abordare care valorizeaz\u0103 spiritul uman \u0219i dezvoltarea copilului pe toate planurile \u2013 fizic, social, emo\u021bional \u0219i cognitiv.<\/p>\n\n\n\n<p class=\"wp-block-paragraph\">Educa\u021bia Montessori ofer\u0103 copiilor no\u0219tri oportunit\u0103\u021bi de a-\u0219i dezvolta poten\u021bialul pe m\u0103sur\u0103 ce ies \u00een lume ca cet\u0103\u021beni implica\u021bi, competen\u021bi, responsabili \u0219i respectuo\u0219i, cu o \u00een\u021belegere \u0219i apreciere c\u0103 \u00eenv\u0103\u021barea este pentru via\u021b\u0103. <strong>Fiecare copil este v\u0103zut \u0219i apreciat ca un individ unic.<\/strong> Educa\u021bia Montessori consider\u0103 c\u0103 fiecare copil are propriul s\u0103u mod de \u00eenv\u0103\u021bare. Copiii sunt, de asemenea, <strong>liberi s\u0103 \u00eenve\u021be \u00een ritmul lor<\/strong>, fiecare avans\u00e2nd prin programa \u0219colar\u0103 pe m\u0103sur\u0103 ce sunt preg\u0103ti\u021bi, ghida\u021bi de pedagogi, iar pedagogii au pentru fiecare <strong>planuri individualizate de \u00eenv\u0103\u021bare<\/strong>.<\/p>\n\n\n\n<p class=\"wp-block-paragraph\">\u00cencep\u00e2nd de la o v\u00e2rst\u0103 fraged\u0103, copiii Montessori dezvolt\u0103 <strong>ordinea<\/strong>, <strong>coordonarea<\/strong>, <strong>concentrarea<\/strong> \u0219i <strong>independen\u021ba<\/strong>. Proiectarea mediului de lucru, materialele \u0219i rutinele zilnice sprijin\u0103 \u201eautoreglarea\u201d fiin\u021bei umane \u00een curs de dezvoltare (abilitatea de a-\u0219i educa propria persoan\u0103 \u0219i de a se g\u00e2ndi la ceea ce \u00eenva\u021b\u0103), de la copii mici la adolescen\u021bi.<\/p>\n\n\n\n<p class=\"wp-block-paragraph\"><strong>Copiii fac parte dintr-o comunitate \u00eenchegat\u0103, s\u0103ritoare \u0219i dornic\u0103 de a contribui.<\/strong> Clasele de v\u00e2rste multiple \u2013 care de obicei cuprind 3 ani \u2013 creeaz\u0103 o structur\u0103 familial\u0103. Copiii mai mari se bucur\u0103 de statutul de mentori \u0219i modele; copiii mai mici se simt sus\u021binu\u021bi \u0219i c\u00e2\u0219tig\u0103 \u00eencredere cu privire la provoc\u0103rile viitoare.<\/p>\n\n\n\n<p class=\"wp-block-paragraph\"><strong>Educatorii \u0219i \u00eenv\u0103\u021b\u0103torii modeleaz\u0103 respectul, empatia \u0219i credin\u021ba \u00een rezolvarea pa\u0219nic\u0103 a conflictelor.<\/strong> Copiii Montessori se bucur\u0103 de libertate cu responsabilitate \u0219i limite. Lucr\u00e2nd \u00een parametrii stabili\u021bi de educatori \u0219i \u00eenv\u0103\u021b\u0103tori, copiii sunt participan\u021bi activi la decizia privind planificarea urm\u0103toarelor etape \u00een \u00eenv\u0103\u021bare. Pedagogii Montessori \u00een\u021beleg c\u0103 satisfac\u021bia intern\u0103 a reu\u0219itelor determin\u0103 curiozitatea \u0219i interesul copilului \u0219i are ca rezultat o \u00eenv\u0103\u021bare vesel\u0103, care este durabil\u0103 de-a lungul vie\u021bii.<\/p>\n\n\n\n<p class=\"wp-block-paragraph\"><strong>Copiii sunt sus\u021binu\u021bi s\u0103 devin\u0103 c\u0103ut\u0103tori activi de cunoa\u0219tere. <\/strong>Pedagogii ofer\u0103 medii \u00een care ei au libertatea \u0219i instrumentele de a g\u0103si r\u0103spunsuri la propriile \u00eentreb\u0103ri. Autocorectarea \u0219i autoevaluarea sunt p\u0103r\u021bi integrante ale abord\u0103rii Montessori. Pe m\u0103sur\u0103 ce se maturizeaz\u0103, copiii \u00eenva\u021b\u0103 s\u0103 priveasc\u0103 \u00een mod critic munca lor \u0219i ajung s\u0103 \u00ee\u0219i recunoasc\u0103, s\u0103 \u00ee\u0219i corecteze \u0219i s\u0103 \u00eenve\u021be din propriile erori.<\/p>\n\n\n\n<a name=\"ch1\"><\/a><h3>Viziune<\/h3>\n\n\n\n<p class=\"wp-block-paragraph\"><strong>Viziunea<\/strong> echipei Montessori Transilvania este de <strong>a<\/strong> <strong>construi o comunitate de copii pasiona\u021bi s\u0103 exploreze t\u0103r\u00e2mul nem\u0103rginit al cunoa\u0219terii, de a se autodep\u0103\u0219i, de a visa \u0219i de a face totul pentru a da via\u021b\u0103 propriilor visuri. <\/strong>Montessori Transilvania sprijin\u0103 copiii \u00een hr\u0103nirea propriei curiozit\u0103\u021bi, \u00een atingerea poten\u021bialului maxim \u0219i \u00een construirea bun\u0103st\u0103rii emo\u021bionale, fizice \u0219i sociale.<\/p>\n\n\n\n<a name=\"ch2\"><\/a><h3>Misiune<\/h3>\n\n\n\n<p class=\"wp-block-paragraph\"><strong>Misiunea<\/strong> echipei Montessori Transilvania este de<strong> a crea o comunitate care s\u0103 inspire, s\u0103 sprijine \u0219i s\u0103 se bucure de realiz\u0103rile academice, sociale, de dezvoltare personal\u0103 \u0219i emo\u021bional\u0103 ale copiilor<\/strong>.<\/p>\n\n\n\n<a name=\"ch3\"><\/a><h3>Scop<\/h3>\n\n\n\n<ul class=\"wp-block-list\">\n<li>A crea un mediu de \u00eenv\u0103\u021bare care s\u0103 valorizeze succesul academic, standardele morale \u00eenalte, autodisciplina \u0219i respectul reciproc pentru culturile, opiniile \u0219i valorile altora.<\/li>\n\n\n\n<li>A crea un mediu de \u00eenv\u0103\u021bare adaptat v\u00e2rstei, care s\u0103 aib\u0103 ca obiectiv principal bun\u0103starea fiec\u0103rui copil prin dezvoltarea spiritual\u0103, moral\u0103, emo\u021bional\u0103, intelectual\u0103, social\u0103, fizic\u0103.<\/li>\n\n\n\n<li>A crea un mediu care s\u0103-i permit\u0103 copilului s\u0103 fie liber \u0219i s\u0103 exploreze libertatea cu responsabilitate \u0219i \u00een siguran\u021b\u0103.<\/li>\n\n\n\n<li>A crea un mediu care s\u0103 sprijine copilul \u00een atingerea independen\u021bei, autodisciplinei, motiva\u021biei interioare, concentr\u0103rii, precum \u0219i \u00een con\u0219tientizarea lucrurilor din jurul s\u0103u.<\/li>\n\n\n\n<li>A crea un mediu de \u00eenv\u0103\u021bare \u00een care to\u021bi elevii sunt \u00eencuraja\u021bi s\u0103 participe activ, s\u0103-\u0219i exprime p\u0103rerea \u0219i \u00een care copiii \u00een\u021beleg c\u0103 a gre\u0219i este o parte important\u0103 a procesului de \u00eenv\u0103\u021bare.<\/li>\n\n\n\n<li>A crea un mediu educa\u021bional cu activit\u0103\u021bi \u0219i lec\u021bii concepute s\u0103 sprijine copilul \u00een dezvoltarea abilit\u0103\u021bilor sociale, cre\u0219terea empatiei, a coordon\u0103rii fizice, precum \u0219i a preg\u0103tirii cognitive.<\/li>\n\n\n\n<li>A crea un mediu incluziv unde copiii s\u0103 dob\u00e2ndeasc\u0103 un sentiment de umanitate comun\u0103 care une\u0219te oamenii din toate rasele \u0219i culturile, astfel \u00eenc\u00e2t ace\u0219ti omule\u021bi s\u0103 cl\u0103deasc\u0103 o lume mai pa\u0219nic\u0103, mai tolerant\u0103 \u0219i mai cooperant\u0103.<\/li>\n\n\n\n<li>A crea un mediu care s\u0103 dezvolte o atitudine pozitiv\u0103 fa\u021b\u0103 de \u0219coal\u0103 \u0219i procesul de \u00eenv\u0103\u021bare, un mediu \u00een care fiecare copil vine la \u0219coal\u0103 cu bucurie \u0219i entuziasm pentru a explora noi \u0219i noi concepte.<\/li>\n\n\n\n<li>A crea un mediu propice pentru dezvoltarea stimei de sine, a creativit\u0103\u021bii, colabor\u0103rii \u0219i cooper\u0103rii, astfel \u00eenc\u00e2t ace\u0219ti copii s\u0103 devin\u0103 membrii deplini ai societ\u0103\u021bii.<\/li>\n\n\n\n<li>A crea un mediu \u00een care copiii s\u0103 \u00ee\u0219i dezvolte imagina\u021bia \u0219i curiozitatea, s\u0103 nu se opreasc\u0103 niciodat\u0103 din a pune \u00eentreb\u0103ri \u0219i din a-\u0219i explora ideile \u00een mod independent.<\/li>\n\n\n\n<li>A crea un mediu \u00een care respectul, responsabilitatea, consecven\u021ba, perseveren\u021ba, ordinea, dragostea pentru semeni \u0219i tot ce ne \u00eenconjoar\u0103 sunt valorile de baz\u0103 \u00een dezvoltarea fiin\u021bei umane.<\/li>\n\n\n\n<li>A crea un mediu \u00een care elevii sunt \u00eencuraja\u021bi s\u0103-\u0219i stabileasc\u0103 obiective \u00eenalte, care pot fi defalcate \u00eentr-o serie de obiective mai mici realizabile, un mediu \u00een care copiii no\u0219tri s\u0103 fie motiva\u021bi \u0219i inspira\u021bi s\u0103 lucreze pentru atingerea obiectivelor lor.<\/li>\n<\/ul>\n\n\n\n<a name=\"ch4\"><\/a><h3>Valori<\/h3>\n\n\n\n<p class=\"wp-block-paragraph\">,,<em>Libertatea trebuie s\u0103 aib\u0103 ca limit\u0103 interesul colectiv \u015fi ca form\u0103 &#8211; ceea ce numim educa\u0163ia manierelor \u015fi a actelor<\/em>\u201d Maria Montessori<\/p>\n\n\n<div class=\"wp-block-image is-style-default\">\n<figure class=\"aligncenter size-large is-resized\"><img loading=\"lazy\" decoding=\"async\" width=\"940\" height=\"788\" src=\"https:\/\/montessoritransilvania.ro\/wp-content\/uploads\/2020\/08\/Mts-Transilvania-valori-1.png\" alt=\"\" class=\"wp-image-321\" style=\"width:470px;height:394px\"\/><\/figure>\n<\/div>\n\n\n<p class=\"wp-block-paragraph\"><strong>Respect:<\/strong> ne pas\u0103 de sentimentele proprii \u0219i de sentimentele celor din jur. Toate ac\u021biunile care le \u00eentreprindem, at\u00e2t adul\u021bii, c\u00e2t \u0219i copiii vor avea tot timpul referin\u021ba urm\u0103toarelor \u00eentreb\u0103ri:<\/p>\n\n\n\n<ul class=\"wp-block-list\">\n<li>Tu e\u0219ti \u00een siguran\u021b\u0103 \u0219i te sim\u021bi bine dac\u0103 faci acest lucru?<\/li>\n\n\n\n<li>Cei din jurul t\u0103u sunt \u00een siguran\u021b\u0103 \u0219i sunt bine dac\u0103 tu faci acest lucru?<\/li>\n\n\n\n<li>Spa\u021biul \u00een care e\u0219ti este \u00een siguran\u021b\u0103 dac\u0103 tu faci acest lucru?<\/li>\n<\/ul>\n\n\n\n<p class=\"wp-block-paragraph\"><strong>Responsabilitate:<\/strong> fiecare dintre noi avem responsabilit\u0103\u021bi de \u00eendeplinit pentru a avea un mediu \u00een care s\u0103 venim zilnic cu pl\u0103cere, un mediu armonios, frumos, curat \u0219i primitor, un mediu \u00een care fiecare din noi se simte liber, apreciat \u0219i respectat.<\/p>\n\n\n\n<p class=\"wp-block-paragraph\"><strong>Colaborare:<\/strong> fiecare dintre noi suntem o p\u0103rticic\u0103 important\u0103 a acestei societ\u0103\u021bi \u0219i ne aducem contribu\u021bia. Astfel, prin colaborare \u0219i munc\u0103 \u00een echip\u0103 se realizeaz\u0103 proiecte m\u0103re\u021be.<\/p>\n\n\n\n<p class=\"wp-block-paragraph\"><strong>Perseveren\u021b\u0103:<\/strong> este important s\u0103 le insufl\u0103m copiilor beneficiile perseveren\u021bei, repeti\u021biei pentru a cl\u0103di \u0219i a stimula cre\u0219terea \u00eencrederii de sine.<\/p>\n\n\n\n<p class=\"wp-block-paragraph\"><strong>Ordine:<\/strong> pe oameni \u00eei ajut\u0103 s\u0103 aib\u0103 ordine \u00een jurul lor, \u00een mediul fizic \u00een care \u00ee\u0219i desf\u0103\u0219oar\u0103 activitatea. Ordinea din mediul fizic contribuie la o mai bun\u0103 structurare a ordinii mentale.<\/p>\n\n\n\n<p class=\"wp-block-paragraph\"><strong>Toleran\u021b\u0103:<\/strong> \u00eenv\u0103\u021b\u0103m s\u0103 convie\u021buim, indiferent de ras\u0103, na\u021bionalitate, religie, v\u00e2rst\u0103 sau categoria social\u0103 din care provenim.<\/p>\n\n\n\n<p class=\"wp-block-paragraph\"><strong>Generozitate:<\/strong> mediile Montessori sunt despre a \u00eemp\u0103r\u021bi, a-\u021bi a\u0219tepta r\u00e2ndul, a ajuta, a observa nevoile celor din jur \u0219i a ac\u021biona astfel \u00eenc\u00e2t \u0219i cei din jurul t\u0103u s\u0103 fie bine.<\/p>\n\n\n\n<p class=\"wp-block-paragraph\"><strong>Sustenabilitate:<\/strong> deservim nevoile educa\u021bionale, de mediu, sociale din prezent \u00een a\u0219a fel \u00eenc\u00e2t s\u0103 nu compromitem viitorul, ci s\u0103 contribuim la o lume mai bun\u0103. Ne pas\u0103 ce l\u0103s\u0103m \u00een urma noastr\u0103 \u0219i ne dorim ca genera\u021biile viitoare s\u0103 fie \u00een armonie cu tot ceea ce ne \u00eenconjoar\u0103.<\/p>\n\n\n\n<p class=\"wp-block-paragraph\"><strong>Integritate:<\/strong> ne asigur\u0103m c\u0103 indiferent unde ne afl\u0103m \u0219i indiferent cine este \u00een jurul nostru, \u00eentotdeauna vom face ceea ce este corect \u0219i etic.<\/p>\n\n\n\n<p class=\"wp-block-paragraph\"><strong>Echilibru emo\u021bional:<\/strong> \u00eenv\u0103\u021b\u0103m s\u0103 ne bucur\u0103m de fiecare moment al vie\u021bii, s\u0103 ne recunoa\u0219tem \u0219i accept\u0103m sentimentele, chiar dac\u0103 am avut o zi mai dificil\u0103.<\/p>\n\n\n\n<a name=\"ch5\"><\/a><h3>Povestea logo-ului Montessori Transilvania<\/h3>\n\n\n\n<p class=\"wp-block-paragraph\">Drunvalo Melchizedek spune c\u0103  <em>\u201eFloarea Vie\u021bii reprezint\u0103 modul \u00een care este organizat totul . Este modalitatea de a structura via\u021ba. Toate schelele metalice, procesele chimice \u0219i toate lucrurile de aceast\u0103 natur\u0103, totul, f\u0103r\u0103 nicio excep\u021bie, se bazeaz\u0103 pe geometria sacr\u0103.<\/em>\u201d<\/p>\n\n\n\n<p class=\"wp-block-paragraph\">Logo-ul Montessori Transilvania s-a n\u0103scut din dorin\u021ba de a <strong>\u00eembina<\/strong> <strong>elementele tradi\u021bionale transilv\u0103nene \u0219i semnifica\u021bia florii vie\u021bii <\/strong>at\u00e2t \u00een simbolistica mondial\u0103, c\u00e2t \u0219i \u00een practica Montessori.<\/p>\n\n\n<div class=\"wp-block-image\">\n<figure class=\"aligncenter size-large is-resized\"><img loading=\"lazy\" decoding=\"async\" width=\"1891\" height=\"1622\" src=\"https:\/\/montessoritransilvania.ro\/wp-content\/uploads\/2020\/08\/logo_montessoritransilvania.png\" alt=\"\" class=\"wp-image-100\" style=\"width:346px;height:297px\"\/><\/figure>\n<\/div>\n\n\n<p class=\"wp-block-paragraph\">Energia puternic\u0103 a acestui simbol este asociat\u0103 cu <strong>armonia<\/strong>, <strong>echilibrul<\/strong>, <strong>perfec\u021biunea<\/strong>, <strong>pacea<\/strong>, <strong>lini\u0219tea<\/strong>, <strong>\u00eemplinirea<\/strong>.<\/p>\n\n\n\n<p class=\"wp-block-paragraph\">\u00centr-un mediu Montessori de 6-12 ani, c\u00e2nd copiii \u00eenva\u021b\u0103 \u0219i exerseaz\u0103 <strong>folosirea compasului<\/strong>, ei sunt extrem de captiva\u021bi s\u0103 traseze \u0219i stilizeze s\u0103m\u00e2n\u021ba \u0219i floarea vie\u021bii. Bucuria din ochii copiilor c\u00e2nd descoper\u0103 c\u0103 prin <strong>interconectarea a 19 sfere<\/strong> ob\u021bin <strong>floarea vie\u021bii<\/strong> este de neimaginat \u0219i \u00ee\u021bi dore\u0219ti ca <strong>acea sclipire din ochii lor s\u0103 nu se sting\u0103 niciodat\u0103<\/strong>.<\/p>\n","protected":false},"excerpt":{"rendered":"<p>Viziune | Misiune | Scop | Valori Montessori Transilvania &#8211; cre\u015f\u01ce, gr\u01cedini\u021b\u01ce, \u015fcoal\u01ce acreditat\u01ce din Cluj-Napoca, \u00eenfiin\u021bat\u01ce din dorin\u021ba de a sus\u021bine formarea \u0219i dezvoltarea copiilor cu v\u00e2rste cuprinse \u00eentre 12 luni \u0219i 12 ani, \u00een concordan\u021b\u0103 cu principiile educa\u021biei europene \u0219i standardele Interna\u021bionale Montessori (AMI), v\u0103 ofer\u0103 \u00eencep\u00e2nd cu septembrie 2020: De ce Montessori? [&hellip;]<\/p>\n","protected":false},"author":2,"featured_media":0,"parent":0,"menu_order":0,"comment_status":"closed","ping_status":"closed","template":"","meta":{"_crdt_document":"","_monsterinsights_skip_tracking":false,"_monsterinsights_sitenote_active":false,"_monsterinsights_sitenote_note":"","_monsterinsights_sitenote_category":0,"advanced_seo_description":"","jetpack_seo_html_title":"","jetpack_seo_noindex":false,"footnotes":""},"class_list":["post-15","page","type-page","status-publish","hentry"],"jetpack_shortlink":"https:\/\/wp.me\/PgzrWa-f","_links":{"self":[{"href":"https:\/\/montessoritransilvania.ro\/index.php\/wp-json\/wp\/v2\/pages\/15","targetHints":{"allow":["GET"]}}],"collection":[{"href":"https:\/\/montessoritransilvania.ro\/index.php\/wp-json\/wp\/v2\/pages"}],"about":[{"href":"https:\/\/montessoritransilvania.ro\/index.php\/wp-json\/wp\/v2\/types\/page"}],"author":[{"embeddable":true,"href":"https:\/\/montessoritransilvania.ro\/index.php\/wp-json\/wp\/v2\/users\/2"}],"replies":[{"embeddable":true,"href":"https:\/\/montessoritransilvania.ro\/index.php\/wp-json\/wp\/v2\/comments?post=15"}],"version-history":[{"count":24,"href":"https:\/\/montessoritransilvania.ro\/index.php\/wp-json\/wp\/v2\/pages\/15\/revisions"}],"predecessor-version":[{"id":978,"href":"https:\/\/montessoritransilvania.ro\/index.php\/wp-json\/wp\/v2\/pages\/15\/revisions\/978"}],"wp:attachment":[{"href":"https:\/\/montessoritransilvania.ro\/index.php\/wp-json\/wp\/v2\/media?parent=15"}],"curies":[{"name":"wp","href":"https:\/\/api.w.org\/{rel}","templated":true}]}}